{"id":304,"date":"2021-08-11T00:18:11","date_gmt":"2021-08-11T00:18:11","guid":{"rendered":"https:\/\/bergoase-hohenegg.com\/?page_id=304"},"modified":"2021-09-01T16:53:08","modified_gmt":"2021-09-01T16:53:08","slug":"datenschutzerklaerung","status":"publish","type":"page","link":"https:\/\/bergoase-hohenegg.com\/?page_id=304","title":{"rendered":"Datenschutzerkl\u00e4rung"},"content":{"rendered":"\r\n<p><!--themify_builder_static--><h2><strong>Datenschutzerkl\u00e4rung der Bergoase Hohenegg<\/strong><\/h2> <p>Einleitung<\/p> <p>Wir (\u201ewir\u201c, \u201euns\u201c, \u201eunser\/e\u201c) nehmen den Schutz der Daten der Nutzer (\u201eNutzer\u201c oder \u201eSie\u201c) unserer Website und\/oder unseres Mobile-App (die \u201eWebsite\u201c bzw. der \u201eMobile-App\u201c) sehr ernst und verpflichten uns, die Informationen, die Nutzer uns in Verbindung mit der Nutzung unserer Website und\/oder unseres Mobile-App (zusammen: \u201edigitale Assets\u201c) zur Verf\u00fcgung stellen, zu sch\u00fctzen. Des Weiteren verpflichten wir uns, Ihre Daten gem\u00e4\u00df anwendbarem Recht zu sch\u00fctzen und zu verwenden.<\/p> <p>Diese Datenschutzrichtlinie erl\u00e4utert unsere Praktiken in Bezug auf die Erfassung, Verwendung und Offenlegung Ihrer Daten durch die Nutzung unserer digitalen Assets (die \u201eDienste\u201c), wenn Sie \u00fcber Ihre Ger\u00e4te auf die Dienste zugreifen.<\/p> <p>Lesen Sie die Datenschutzrichtlinie bitte sorgf\u00e4ltig durch und stellen Sie sicher, dass Sie unsere Praktiken in Bezug auf Ihre Daten vollumf\u00e4nglich verstehen, bevor Sie unsere Dienste verwenden. Wenn Sie diese Richtlinie gelesen, vollumf\u00e4nglich verstanden haben und nicht mit unserer Vorgehensweise einverstanden sind, m\u00fcssen Sie die Nutzung unserer digitalen Assets und Dienste einstellen. Mit der Nutzung unserer Dienste erkennen Sie die Bedingungen dieser Datenschutzrichtlinie an. Die weitere Nutzung der Dienste stellt Ihre Zustimmung zu dieser Datenschutzrichtlinie und allen \u00c4nderungen daran dar.<\/p> <p>In dieser Datenschutzrichtlinie erfahren Sie:<\/p> <ul> <li> <p>Wie wir Daten sammeln<\/p> <\/li> <li> <p>Welche Daten wir erfassen<\/p> <\/li> <li> <p>Warum wir diese Daten erfassen<\/p> <\/li> <li> <p>An wen wir die Daten weitergeben<\/p> <\/li> <li> <p>Wo die Daten gespeichert werden<\/p> <\/li> <li> <p>Wie lange die Daten vorgehalten werden<\/p> <\/li> <li> <p>Wie wir die Daten sch\u00fctzen<\/p> <\/li> <li> <p>Wie wir mit Minderj\u00e4hrigen umgehen<\/p> <\/li> <li> <p>Aktualisierungen oder \u00c4nderungen der Datenschutzrichtlinie<br><br><\/p> <\/li> <\/ul> <p>Welche Daten erfassen wir?<\/p> <p>Nachstehend erhalten Sie einen \u00dcberblick \u00fcber die Daten, die wir erfassen k\u00f6nnen:<\/p> <ul> <li> <p>Nicht identifizierte und nicht identifizierbare Informationen, die Sie w\u00e4hrend des Registrierungsprozesses bereitstellen oder die \u00fcber die Nutzung unserer Dienste gesammelt werden (\u201enicht personenbezogene Daten\u201c). Nicht personenbezogene Daten lassen keine R\u00fcckschl\u00fcsse darauf zu, von wem sie erfasst wurden. Nicht personenbezogene Daten, die wir erfassen, bestehen haupts\u00e4chlich aus technischen und zusammengefassten Nutzungsinformationen.<\/p> <\/li> <li> <p>Individuell identifizierbare Informationen, d.\u00a0h. all jene, \u00fcber die man Sie identifizieren kann oder mit vertretbarem Aufwand identifizieren k\u00f6nnte (\u201epersonenbezogene Daten\u201c). Zu den personenbezogenen Daten, die wir \u00fcber unsere Dienste erfassen, k\u00f6nnen Informationen geh\u00f6ren, die von Zeit zu Zeit angefordert werden, wie Namen, E-Mail-Adressen, Adressen, Telefonnummern, IP-Adressen und mehr. Wenn wir personenbezogene mit nicht personenbezogenen Daten kombinieren, werden diese, solange sie in Kombination vorliegen, von uns als personenbezogene Daten behandelt.<br><br><\/p> <\/li> <\/ul> <p>Wie sammeln wir Daten?<\/p> <p>Nachstehend sind die wichtigsten Methoden aufgef\u00fchrt, die wir zur Sammlung von Daten verwenden:<\/p> <ul> <li> <p>Wir erfassen Daten bei der Nutzung unserer Dienste. Wenn Sie also unsere digitalen Assets besuchen und Dienste nutzen, k\u00f6nnen wir die Nutzung, Sitzungen und die dazugeh\u00f6rigen Informationen sammeln, erfassen und speichern.<\/p> <\/li> <li> <p>Wir erfassen Daten, die Sie uns selbst zur Verf\u00fcgung stellen, beispielsweise, wenn Sie \u00fcber einen Kommunikationskanal direkt mit uns Kontakt aufnehmen (z.\u00a0B. eine E-Mail mit einem Kommentar oder Feedback).<\/p> <\/li> <li> <p>Wir k\u00f6nnen, wie unten beschrieben, Daten aus Drittquellen erfassen.<\/p> <\/li> <li> <p>Wir erfassen Daten, die Sie uns zur Verf\u00fcgung stellen, wenn Sie sich \u00fcber einen Drittanbieter wie Facebook oder Google bei unseren Diensten anmelden.<br><br><\/p> <\/li> <\/ul> <p>Warum erfassen wir diese Daten?<\/p> <p>Wir k\u00f6nnen Ihre Daten f\u00fcr folgende Zwecke verwenden:<\/p> <ul> <li> <p>um unsere Dienste zur Verf\u00fcgung zu stellen und zu betreiben;<\/p> <\/li> <li> <p>um unsere Dienste zu entwickeln, anzupassen und zu verbessern;<\/p> <\/li> <li> <p>um auf Ihr Feedback, Ihre Anfragen und W\u00fcnsche zu reagieren und Hilfe anzubieten;<\/p> <\/li> <li> <p>um Anforderungs- und Nutzungsmuster zu analysieren;<\/p> <\/li> <li> <p>f\u00fcr sonstige interne, statistische und Recherchezwecke;<\/p> <\/li> <li> <p>um unsere M\u00f6glichkeiten zur Datensicherheit und Betrugspr\u00e4vention verbessern zu k\u00f6nnen;<\/p> <\/li> <li> <p>um Verst\u00f6\u00dfe zu untersuchen und unsere Bedingungen und Richtlinien durchzusetzen sowie um dem anwendbaren Recht, den Vorschriften bzw. beh\u00f6rdlichen Anordnungen zu entsprechen;<\/p> <\/li> <li> <p>um Ihnen Aktualisierungen, Nachrichten, Werbematerial und sonstige Informationen im Zusammenhang mit unseren Diensten zu \u00fcbermitteln. Bei Werbe-E-Mails k\u00f6nnen Sie selbst entscheiden, ob Sie diese weiterhin erhalten m\u00f6chten. Wenn nicht, klicken Sie einfach auf den Abmeldelink in diesen E-Mails.<br><br><\/p> <\/li> <\/ul> <p>An wen geben wir diese Daten weiter?<\/p> <ul> <li> <p>Wir k\u00f6nnen Ihre Daten an unsere Dienstleister weitergeben, um unsere Dienste zu betreiben (z. B. Speicherung von Daten \u00fcber Hosting-Dienste Dritter, Bereitstellung technischer Unterst\u00fctzung usw.).<\/p> <\/li> <li> <p>Wir k\u00f6nnen Ihre Daten auch unter folgenden Umst\u00e4nden offenlegen: (i) um rechtswidrige Aktivit\u00e4ten oder sonstiges Fehlverhalten zu untersuchen, aufzudecken, zu verhindern oder dagegen vorzugehen; (ii) um unsere Rechte auf Verteidigung zu begr\u00fcnden oder auszu\u00fcben; (iii) um unsere Rechte, unser Eigentum oder unsere pers\u00f6nliche Sicherheit sowie die Sicherheit unserer Nutzer oder der \u00d6ffentlichkeit zu sch\u00fctzen; (iv) im Falle eines Kontrollwechsels bei uns oder bei einem unserer verbundenen Unternehmen (im Wege einer Verschmelzung, des Erwerbs oder Kaufs (im Wesentlichen) aller Verm\u00f6genswerte u.\u00a0a.); (v) um Ihre Daten mittels befugter Drittanbieter zu erfassen, vorzuhalten und\/oder zu verwalten (z.\u00a0B. Cloud-Service-Anbieter), soweit dies f\u00fcr gesch\u00e4ftliche Zwecke angemessen ist; (vi) um mit Drittanbietern gemeinsam an der Verbesserung Ihres Nutzererlebnisses zu arbeiten. Zur Vermeidung von Missverst\u00e4ndnissen m\u00f6chten wir darauf hinweisen, dass wir nicht personenbezogene Daten nach eigenem Ermessen an Dritte \u00fcbermitteln bzw. weitergeben oder anderweitig verwenden k\u00f6nnen.<\/p> <\/li> <li> <p>Ohne Ihre Zustimmung werden wir Ihre E-Mail-Adresse oder andere personenbezogenen Daten nicht an Werbeunternehmen oder Werbenetzwerke weitergeben.<\/p> <\/li> <\/ul> <p>Wo speichern wir die Daten?<br><br><\/p> <p>Nicht personenbezogene Daten<\/p> <p>Bitte beachten Sie, dass unsere Unternehmen sowie unsere vertrauensw\u00fcrdigen Partner und Dienstanbieter auf der ganzen Welt ans\u00e4ssig sind. Zu den in dieser Datenschutzrichtlinie erl\u00e4uterten Zwecke speichern und verarbeiten wir alle nicht personenbezogenen Daten, die wir erfassen, in unterschiedlichen Rechtsordnungen.<\/p> <p>Personenbezogene Daten<\/p> <p>Personenbezogene Daten k\u00f6nnen in den Vereinigten Staaten, in Irland, S\u00fcdkorea, Taiwan, Israel und soweit f\u00fcr die ordnungsgem\u00e4\u00dfe Bereitstellung unserer Dienste und\/oder gesetzlich vorgeschrieben (wie nachstehend weiter erl\u00e4utert) in anderen Rechtsordnungen gepflegt, verarbeitet und gespeichert werden.<br><br><\/p> <p>Wie lange werden die Daten vorgehalten?<\/p> <p>Bitte beachten Sie, dass wir die erfassten Daten so lange aufbewahren, wie es f\u00fcr die Bereitstellung unserer Dienste, zur Einhaltung unserer gesetzlichen und vertraglichen Verpflichtungen gegen\u00fcber Ihnen, zur Beilegung von Streitigkeiten und zur Durchsetzung unserer Vereinbarungen erforderlich ist.<\/p> <p>Wir k\u00f6nnen unrichtige oder unvollst\u00e4ndige Daten jederzeit nach eigenem Ermessen berichtigen, erg\u00e4nzen oder l\u00f6schen.<br><br><\/p> <p>Wie sch\u00fctzen wir die Daten?<\/p> <p>Der Hosting-Dienst f\u00fcr unserer digitalen Assets stellt uns die Online-Plattform zu Verf\u00fcgung, \u00fcber die wir Ihnen unsere Dienste anbieten k\u00f6nnen. Ihre Daten k\u00f6nnen \u00fcber die Datenspeicherung, Datenbanken und allgemeine Anwendungen unseres Hosting-Anbieters gespeichert werden. Er speichert Ihre Daten auf sicheren Servern hinter einer Firewall und er bietet sicheren HTTPS-Zugriff auf die meisten Bereiche seiner Dienste.<\/p> <p>Ungeachtet der von uns und unserem Hosting-Anbieter ergriffenen Ma\u00dfnahmen und Bem\u00fchungen k\u00f6nnen und werden wir keinen absoluten Schutz und keine absolute Sicherheit der Daten garantieren, die Sie hochladen, ver\u00f6ffentlichen oder anderweitig an uns oder andere weitergeben.<\/p> <p>Aus diesem Grund m\u00f6chten wir Sie bitten, sichere Passw\u00f6rter festzulegen und uns oder anderen nach M\u00f6glichkeit keine vertraulichen Informationen zu \u00fcbermitteln, deren Offenlegung Ihnen Ihrer Meinung nach erheblich bzw. nachhaltig schaden k\u00f6nnte. Da E-Mail und Instant Messaging nicht als sichere Kommunikationsformen gelten, bitten wir Sie au\u00dferdem, keine vertraulichen Informationen \u00fcber einen dieser Kommunikationskan\u00e4le weiterzugeben.<\/p> <p>Wir verwenden Ihre personenbezogenen Daten nur f\u00fcr die in der Datenschutzrichtlinie festgelegten Zwecke und nur, wenn wir davon \u00fcberzeugt sind, dass:<\/p> <ul> <li> <p>die Verwendung Ihrer personenbezogenen Daten erforderlich ist, um einen Vertrag zu erf\u00fcllen oder zu schlie\u00dfen (z. B. um Ihnen die Dienste selbst oder Kundenbetreuung bzw. technischen Support bereitzustellen);<\/p> <\/li> <li> <p>die Verwendung Ihrer personenbezogenen Daten notwendig ist, um entsprechenden rechtlichen oder beh\u00f6rdlichen Verpflichtungen nachzukommen, oder<\/p> <\/li> <li> <p>die Verwendung Ihrer personenbezogenen Daten notwendig ist, um unsere berechtigten gesch\u00e4ftlichen Interessen zu unterst\u00fctzen (unter der Ma\u00dfgabe, dass dies jederzeit in einer Weise erfolgt, die verh\u00e4ltnism\u00e4\u00dfig ist und Ihre Datenschutzrechte respektiert).<br><br><\/p> <\/li> <\/ul> <p>Als EU-Ans\u00e4ssiger k\u00f6nnen Sie:<\/p> <ul> <li> <p>eine Best\u00e4tigung dar\u00fcber verlangen, ob personenbezogene Daten verarbeitet werden, die Sie betreffen, oder nicht, und Zugriff auf Ihre gespeicherten personenbezogenen Daten sowie auf bestimmte Zusatzinformationen anfordern;<\/p> <\/li> <li> <p>den Erhalt von personenbezogenen Daten, die Sie uns bereitgestellt haben, in einem strukturierten, g\u00e4ngigen und maschinenlesbaren Format verlangen;<\/p> <\/li> <li> <p>die Berichtigung lhrer personenbezogenen Daten verlangen, die bei uns gespeichert sind;<\/p> <\/li> <li> <p>die L\u00f6schung Ihrer personenbezogenen Daten verlangen;<\/p> <\/li> <li> <p>der Verarbeitung Ihrer personenbezogenen Daten durch uns widersprechen;<\/p> <\/li> <li> <p>die Einschr\u00e4nkung der Verarbeitung Ihrer personenbezogenen Daten verlangen, oder<\/p> <\/li> <li> <p>eine Beschwerde bei einer Aufsichtsbeh\u00f6rde einreichen.<br><br><\/p> <\/li> <\/ul> <p>Bitte beachten Sie jedoch, dass diese Rechte nicht uneingeschr\u00e4nkt g\u00fcltig sind und unseren eigenen berechtigten Interessen und regulatorischen Anforderungen unterliegen k\u00f6nnen. Wenn Sie allgemeine Fragen zu den von uns erfassten personenbezogenen Daten und deren Verwendung haben, wenden Sie sich bitte an uns, wie unten angegeben.<\/p> <p>Im Zuge der Bereitstellung der Dienste k\u00f6nnen wir Daten grenz\u00fcberschreitend an verbundene Unternehmen oder andere Dritte und aus Ihrem Land\/Ihrer Rechtsordnung in andere L\u00e4nder\/Rechtsordnungen weltweit \u00fcbertragen. Durch die Nutzung der Dienste stimmen Sie der \u00dcbertragung Ihrer Daten au\u00dferhalb des EWR zu.<\/p> <p>Wenn Sie im EWR ans\u00e4ssig sind, werden Ihre personenbezogenen Daten nur dann an Standorte au\u00dferhalb des EWR \u00fcbertragen, wenn wir davon \u00fcberzeugt sind, dass ein angemessenes oder vergleichbares Niveau zum Schutz personenbezogener Daten besteht. Wir werden geeignete Schritte unternehmen, um sicherzustellen, dass wir \u00fcber angemessene vertragliche Vereinbarungen mit unseren Drittparteien verf\u00fcgen, um zu gew\u00e4hrleisten, dass entsprechende Sicherheitsvorkehrungen getroffen werden, so dass das Risiko einer unrechtm\u00e4\u00dfigen Nutzung, \u00c4nderung, L\u00f6schung, eines Verlusts oder Diebstahls Ihrer personenbezogenen Daten minimiert wird und dass diese Drittparteien jederzeit in \u00dcbereinstimmung mit den geltenden Gesetzen handeln.<\/p> <p>Rechte gem\u00e4\u00df kalifornischem Verbraucherschutzgesetz<\/p> <p>Wenn Sie die Dienste als Einwohner Kaliforniens nutzen, dann sind Sie m\u00f6glicherweise nach dem kalifornischen Verbraucherschutzgesetz (California Consumer Privacy Act; \u201eCCPA\u201c) berechtigt, Zugriff auf und L\u00f6schung Ihrer Daten zu verlangen.<\/p> <p>Um Ihr Recht auf den Zugriff und die L\u00f6schung Ihrer Daten geltend zu machen, lesen Sie bitte nachstehend, wie Sie Kontakt zu uns aufnehmen k\u00f6nnen.<\/p> <p>Wir verkaufen keine personenbezogenen Daten der Nutzer f\u00fcr die Absichten und Zwecke des CCPA.<br><br><\/p> <p>Aktualisierungen oder \u00c4nderungen der Datenschutzrichtlinie<\/p> <p>Wir k\u00f6nnen diese Datenschutzrichtlinie nach eigenem Ermessen von Zeit zu Zeit \u00fcberarbeiten, die auf der Website ver\u00f6ffentlichte Version ist immer aktuell (siehe Angabe zum \u201eStand\u201c). Wir bitten Sie, diese Datenschutzrichtlinie regelm\u00e4\u00dfig auf \u00c4nderungen zu \u00fcberpr\u00fcfen. Bei wesentlichen \u00c4nderungen werden wir einen Hinweis dazu auf unserer Website ver\u00f6ffentlichen. Wenn Sie die Dienste nach erfolgter Benachrichtigung \u00fcber \u00c4nderungen auf unsere Website weiter nutzen, gilt dies als Ihre Best\u00e4tigung und Zustimmung zu den \u00c4nderungen der Datenschutzrichtlinie und Ihr Einverst\u00e4ndnis an die Bedingungen dieser \u00c4nderungen gebunden zu sein.<br><br><\/p> <p>Bilder:<\/p> <p>Abbildungen von <a href=\"https:\/\/pixabay.com\/\" target=\"_blank\" rel=\"noopener\">pixabay.com<\/a> oder von privat.<\/p> <p>Kontakt<\/p> <p>Wenn Sie allgemeine Fragen zu den Diensten oder den von uns \u00fcber Sie erfassten Daten und deren Verwendung haben, kontaktieren Sie uns bitte unter:<\/p> <p><strong>Post und Rechnungsanschrift:<\/strong><\/p> <p>Hilde Hohenegg<\/p> <p>Oberbuch 410<\/p> <p>A-6951 Lingenau<\/p> <p>Telefonnummer:\u00a0<strong>+43 650 825 676 3<\/strong><\/p> <p>E-Mail-Adresse:<strong>\u00a0kontakt@bergoase-hohenegg.com<\/strong><\/p>\r\n<h2>Buchungsanfrage Bergoase Hohenegg\u00a0<\/h2> <p>Wir freuen uns sehr auf Ihre unverbindliche Anfrage.\u00a0<\/p>\r\n<a href=\"https:\/\/bergoase-hohenegg.com\/?page_id=14\" > Kontaktieren Sie uns hier <em><svg aria-hidden=\"true\"><use href=\"#tf-ti-arrow-right\"><\/use><\/svg><\/em> <\/a><!--\/themify_builder_static--><\/p>","protected":false},"excerpt":{"rendered":"<p>Datenschutzerkl\u00e4rung der Bergoase Hohenegg Einleitung Wir (\u201ewir\u201c, \u201euns\u201c, \u201eunser\/e\u201c) nehmen den Schutz der Daten der Nutzer (\u201eNutzer\u201c oder \u201eSie\u201c) unserer Website und\/oder unseres Mobile-App (die \u201eWebsite\u201c bzw. der \u201eMobile-App\u201c) sehr ernst und verpflichten uns, die Informationen, die Nutzer uns in Verbindung mit der Nutzung unserer Website und\/oder unseres Mobile-App (zusammen: \u201edigitale Assets\u201c) zur Verf\u00fcgung stellen, [&hellip;]<\/p>\n","protected":false},"author":1,"featured_media":0,"parent":0,"menu_order":0,"comment_status":"closed","ping_status":"closed","template":"","meta":{"footnotes":""},"class_list":["post-304","page","type-page","status-publish","hentry","has-post-title","has-post-date","has-post-category","has-post-tag","has-post-comment","has-post-author",""],"yoast_head":"<!-- This site is optimized with the Yoast SEO plugin v27.6 - https:\/\/yoast.com\/product\/yoast-seo-wordpress\/ -->\n<title>Datenschutzerkl\u00e4rung - Bergoase Hohenegg<\/title>\n<meta name=\"robots\" content=\"index, follow, max-snippet:-1, max-image-preview:large, max-video-preview:-1\" \/>\n<link rel=\"canonical\" href=\"https:\/\/bergoase-hohenegg.com\/?page_id=304\" \/>\n<meta property=\"og:locale\" content=\"de_DE\" \/>\n<meta property=\"og:type\" content=\"article\" \/>\n<meta property=\"og:title\" content=\"Datenschutzerkl\u00e4rung - Bergoase Hohenegg\" \/>\n<meta property=\"og:description\" content=\"Datenschutzerkl\u00e4rung der Bergoase Hohenegg Einleitung Wir (\u201ewir\u201c, \u201euns\u201c, \u201eunser\/e\u201c) nehmen den Schutz der Daten der Nutzer (\u201eNutzer\u201c oder \u201eSie\u201c) unserer Website und\/oder unseres Mobile-App (die \u201eWebsite\u201c bzw. der \u201eMobile-App\u201c) sehr ernst und verpflichten uns, die Informationen, die Nutzer uns in Verbindung mit der Nutzung unserer Website und\/oder unseres Mobile-App (zusammen: \u201edigitale Assets\u201c) zur Verf\u00fcgung stellen, [&hellip;]\" \/>\n<meta property=\"og:url\" content=\"https:\/\/bergoase-hohenegg.com\/?page_id=304\" \/>\n<meta property=\"og:site_name\" content=\"Bergoase Hohenegg\" \/>\n<meta property=\"article:modified_time\" content=\"2021-09-01T16:53:08+00:00\" \/>\n<meta name=\"twitter:card\" content=\"summary_large_image\" \/>\n<meta name=\"twitter:label1\" content=\"Gesch\u00e4tzte Lesezeit\" \/>\n\t<meta name=\"twitter:data1\" content=\"9 Minuten\" \/>\n<script type=\"application\/ld+json\" class=\"yoast-schema-graph\">{\"@context\":\"https:\\\/\\\/schema.org\",\"@graph\":[{\"@type\":\"WebPage\",\"@id\":\"https:\\\/\\\/bergoase-hohenegg.com\\\/?page_id=304\",\"url\":\"https:\\\/\\\/bergoase-hohenegg.com\\\/?page_id=304\",\"name\":\"Datenschutzerkl\u00e4rung - Bergoase Hohenegg\",\"isPartOf\":{\"@id\":\"https:\\\/\\\/bergoase-hohenegg.com\\\/#website\"},\"datePublished\":\"2021-08-11T00:18:11+00:00\",\"dateModified\":\"2021-09-01T16:53:08+00:00\",\"breadcrumb\":{\"@id\":\"https:\\\/\\\/bergoase-hohenegg.com\\\/?page_id=304#breadcrumb\"},\"inLanguage\":\"de-AT\",\"potentialAction\":[{\"@type\":\"ReadAction\",\"target\":[\"https:\\\/\\\/bergoase-hohenegg.com\\\/?page_id=304\"]}]},{\"@type\":\"BreadcrumbList\",\"@id\":\"https:\\\/\\\/bergoase-hohenegg.com\\\/?page_id=304#breadcrumb\",\"itemListElement\":[{\"@type\":\"ListItem\",\"position\":1,\"name\":\"Home\",\"item\":\"https:\\\/\\\/bergoase-hohenegg.com\\\/\"},{\"@type\":\"ListItem\",\"position\":2,\"name\":\"Datenschutzerkl\u00e4rung\"}]},{\"@type\":\"WebSite\",\"@id\":\"https:\\\/\\\/bergoase-hohenegg.com\\\/#website\",\"url\":\"https:\\\/\\\/bergoase-hohenegg.com\\\/\",\"name\":\"Bergoase Hohenegg\",\"description\":\"Bergoase\",\"potentialAction\":[{\"@type\":\"SearchAction\",\"target\":{\"@type\":\"EntryPoint\",\"urlTemplate\":\"https:\\\/\\\/bergoase-hohenegg.com\\\/?s={search_term_string}\"},\"query-input\":{\"@type\":\"PropertyValueSpecification\",\"valueRequired\":true,\"valueName\":\"search_term_string\"}}],\"inLanguage\":\"de-AT\"}]}<\/script>\n<!-- \/ Yoast SEO plugin. -->","yoast_head_json":{"title":"Datenschutzerkl\u00e4rung - Bergoase Hohenegg","robots":{"index":"index","follow":"follow","max-snippet":"max-snippet:-1","max-image-preview":"max-image-preview:large","max-video-preview":"max-video-preview:-1"},"canonical":"https:\/\/bergoase-hohenegg.com\/?page_id=304","og_locale":"de_DE","og_type":"article","og_title":"Datenschutzerkl\u00e4rung - Bergoase Hohenegg","og_description":"Datenschutzerkl\u00e4rung der Bergoase Hohenegg Einleitung Wir (\u201ewir\u201c, \u201euns\u201c, \u201eunser\/e\u201c) nehmen den Schutz der Daten der Nutzer (\u201eNutzer\u201c oder \u201eSie\u201c) unserer Website und\/oder unseres Mobile-App (die \u201eWebsite\u201c bzw. der \u201eMobile-App\u201c) sehr ernst und verpflichten uns, die Informationen, die Nutzer uns in Verbindung mit der Nutzung unserer Website und\/oder unseres Mobile-App (zusammen: \u201edigitale Assets\u201c) zur Verf\u00fcgung stellen, [&hellip;]","og_url":"https:\/\/bergoase-hohenegg.com\/?page_id=304","og_site_name":"Bergoase Hohenegg","article_modified_time":"2021-09-01T16:53:08+00:00","twitter_card":"summary_large_image","twitter_misc":{"Gesch\u00e4tzte Lesezeit":"9 Minuten"},"schema":{"@context":"https:\/\/schema.org","@graph":[{"@type":"WebPage","@id":"https:\/\/bergoase-hohenegg.com\/?page_id=304","url":"https:\/\/bergoase-hohenegg.com\/?page_id=304","name":"Datenschutzerkl\u00e4rung - Bergoase Hohenegg","isPartOf":{"@id":"https:\/\/bergoase-hohenegg.com\/#website"},"datePublished":"2021-08-11T00:18:11+00:00","dateModified":"2021-09-01T16:53:08+00:00","breadcrumb":{"@id":"https:\/\/bergoase-hohenegg.com\/?page_id=304#breadcrumb"},"inLanguage":"de-AT","potentialAction":[{"@type":"ReadAction","target":["https:\/\/bergoase-hohenegg.com\/?page_id=304"]}]},{"@type":"BreadcrumbList","@id":"https:\/\/bergoase-hohenegg.com\/?page_id=304#breadcrumb","itemListElement":[{"@type":"ListItem","position":1,"name":"Home","item":"https:\/\/bergoase-hohenegg.com\/"},{"@type":"ListItem","position":2,"name":"Datenschutzerkl\u00e4rung"}]},{"@type":"WebSite","@id":"https:\/\/bergoase-hohenegg.com\/#website","url":"https:\/\/bergoase-hohenegg.com\/","name":"Bergoase Hohenegg","description":"Bergoase","potentialAction":[{"@type":"SearchAction","target":{"@type":"EntryPoint","urlTemplate":"https:\/\/bergoase-hohenegg.com\/?s={search_term_string}"},"query-input":{"@type":"PropertyValueSpecification","valueRequired":true,"valueName":"search_term_string"}}],"inLanguage":"de-AT"}]}},"_links":{"self":[{"href":"https:\/\/bergoase-hohenegg.com\/index.php?rest_route=\/wp\/v2\/pages\/304","targetHints":{"allow":["GET"]}}],"collection":[{"href":"https:\/\/bergoase-hohenegg.com\/index.php?rest_route=\/wp\/v2\/pages"}],"about":[{"href":"https:\/\/bergoase-hohenegg.com\/index.php?rest_route=\/wp\/v2\/types\/page"}],"author":[{"embeddable":true,"href":"https:\/\/bergoase-hohenegg.com\/index.php?rest_route=\/wp\/v2\/users\/1"}],"replies":[{"embeddable":true,"href":"https:\/\/bergoase-hohenegg.com\/index.php?rest_route=%2Fwp%2Fv2%2Fcomments&post=304"}],"version-history":[{"count":6,"href":"https:\/\/bergoase-hohenegg.com\/index.php?rest_route=\/wp\/v2\/pages\/304\/revisions"}],"predecessor-version":[{"id":373,"href":"https:\/\/bergoase-hohenegg.com\/index.php?rest_route=\/wp\/v2\/pages\/304\/revisions\/373"}],"wp:attachment":[{"href":"https:\/\/bergoase-hohenegg.com\/index.php?rest_route=%2Fwp%2Fv2%2Fmedia&parent=304"}],"curies":[{"name":"wp","href":"https:\/\/api.w.org\/{rel}","templated":true}]}}