{"id":17,"date":"2021-02-12T13:17:21","date_gmt":"2021-02-12T13:17:21","guid":{"rendered":"https:\/\/themify.me\/demo\/themes\/ultra-interior\/?page_id=252"},"modified":"2021-09-01T16:55:47","modified_gmt":"2021-09-01T16:55:47","slug":"freizeitaktivitaeten","status":"publish","type":"page","link":"https:\/\/bergoase-hohenegg.com\/?page_id=17","title":{"rendered":"Freizeitaktivit\u00e4ten"},"content":{"rendered":"\r\n<p><!--themify_builder_static--><h1>Freizeitaktivit\u00e4ten &#8211; Bergoase Hohenegg<br\/>Im Sommer wie im Winter<\/h1>\r\n<p>F\u00fcr alle Alters- und Interessensgruppen finden sich attraktive M\u00f6glichkeiten, den Urlaub in der <strong>Bergoase Hohenegg<\/strong> zu vers\u00fc\u00dfen.<\/p>\r\n<a href=\"https:\/\/www.bregenzerwald.at\/aktivitaet\/lingenau-wenn-aus-wasser-steine-werden-quelltuff-lingenau\/\" rel=\"noopener\" target=\"_blank\"> <img decoding=\"async\" loading=\"lazy\" src=\"https:\/\/bergoase-hohenegg.com\/wp-content\/uploads\/2021\/07\/stalactite-1664515_1280-1024x678-350x350.jpg\" width=\"350\" height=\"350\" title=\"stalactite-1664515_1280\" alt=\"stalactite-1664515_1280\" srcset=\"https:\/\/bergoase-hohenegg.com\/wp-content\/uploads\/2021\/07\/stalactite-1664515_1280-1024x678-350x350.jpg 350w, https:\/\/bergoase-hohenegg.com\/wp-content\/uploads\/2021\/07\/stalactite-1664515_1280-150x150.jpg 150w\" sizes=\"auto, (max-width: 350px) 100vw, 350px\" \/> <\/a>\r\n<h3 style=\"text-align: center;\"><a href=\"https:\/\/www.bregenzerwald.at\/aktivitaet\/lingenau-wenn-aus-wasser-steine-werden-quelltuff-lingenau\/\" target=\"_blank\" rel=\"noopener\">Quelltuff Lingenau<\/a><\/h3>\r\n<a href=\"https:\/\/www.bregenzerwald.at\/aktivitaet\/lingenau-wenn-aus-wasser-steine-werden-quelltuff-lingenau\/\" target=\"_blank\" rel=\"noopener\"> Mehr Infos <em><svg aria-hidden=\"true\"><use href=\"#tf-ti-arrow-right\"><\/use><\/svg><\/em> <\/a>\r\n<a href=\"https:\/\/www.outdoor.at\/\" rel=\"noopener\" target=\"_blank\"> <img decoding=\"async\" loading=\"lazy\" src=\"https:\/\/bergoase-hohenegg.com\/wp-content\/uploads\/2021\/07\/bungy-193_1280-768x1024-350x350.jpg\" width=\"350\" height=\"350\" title=\"bungy-193_1280\" alt=\"bungy-193_1280\" srcset=\"https:\/\/bergoase-hohenegg.com\/wp-content\/uploads\/2021\/07\/bungy-193_1280-768x1024-350x350.jpg 350w, https:\/\/bergoase-hohenegg.com\/wp-content\/uploads\/2021\/07\/bungy-193_1280-150x150.jpg 150w\" sizes=\"auto, (max-width: 350px) 100vw, 350px\" \/> <\/a>\r\n<h3 style=\"text-align: center;\"><a href=\"https:\/\/www.outdoor.at\/\" target=\"_blank\" rel=\"noopener\">High5 Outdoorcenter<\/a><\/h3>\r\n<a href=\"https:\/\/www.outdoor.at\/\" target=\"_blank\" rel=\"noopener\"> Mehr Infos <em><svg aria-hidden=\"true\"><use href=\"#tf-ti-arrow-right\"><\/use><\/svg><\/em> <\/a>\r\n<a href=\"https:\/\/sommertouren.bregenzerwald.at\/de\/tour\/wanderung\/lingenau-themenweg-rotenberg-wald\/1547518\/\" rel=\"noopener\" target=\"_blank\"> <img decoding=\"async\" loading=\"lazy\" src=\"https:\/\/bergoase-hohenegg.com\/wp-content\/uploads\/2021\/07\/forest-2069529_1280-1024x682-350x350.jpg\" width=\"350\" height=\"350\" title=\"forest-2069529_1280\" alt=\"forest-2069529_1280\" srcset=\"https:\/\/bergoase-hohenegg.com\/wp-content\/uploads\/2021\/07\/forest-2069529_1280-1024x682-350x350.jpg 350w, https:\/\/bergoase-hohenegg.com\/wp-content\/uploads\/2021\/07\/forest-2069529_1280-150x150.jpg 150w\" sizes=\"auto, (max-width: 350px) 100vw, 350px\" \/> <\/a>\r\n<h3 style=\"text-align: center;\"><a href=\"https:\/\/sommertouren.bregenzerwald.at\/de\/tour\/wanderung\/lingenau-themenweg-rotenberg-wald\/1547518\/\" target=\"_blank\" rel=\"noopener\">Rotenberg Wald<\/a><\/h3>\r\n<a href=\"https:\/\/sommertouren.bregenzerwald.at\/de\/tour\/wanderung\/lingenau-themenweg-rotenberg-wald\/1547518\/\" target=\"_blank\" rel=\"noopener\"> Mehr Infos <em><svg aria-hidden=\"true\"><use href=\"#tf-ti-arrow-right\"><\/use><\/svg><\/em> <\/a>\r\n<a href=\"https:\/\/lingenau-bregenzerwald.at\/architektur-handwerk\/\" rel=\"noopener\" target=\"_blank\"> <img decoding=\"async\" loading=\"lazy\" src=\"https:\/\/bergoase-hohenegg.com\/wp-content\/uploads\/2021\/07\/footbridge-413682_1280-1024x682-350x350.jpg\" width=\"350\" height=\"350\" title=\"footbridge-413682_1280\" alt=\"footbridge-413682_1280\" srcset=\"https:\/\/bergoase-hohenegg.com\/wp-content\/uploads\/2021\/07\/footbridge-413682_1280-1024x682-350x350.jpg 350w, https:\/\/bergoase-hohenegg.com\/wp-content\/uploads\/2021\/07\/footbridge-413682_1280-150x150.jpg 150w\" sizes=\"auto, (max-width: 350px) 100vw, 350px\" \/> <\/a>\r\n<h3 style=\"text-align: center;\"><a href=\"https:\/\/lingenau-bregenzerwald.at\/architektur-handwerk\/\" target=\"_blank\" rel=\"noopener\">Architektur<\/a><\/h3>\r\n<a href=\"https:\/\/lingenau-bregenzerwald.at\/architektur-handwerk\/\" target=\"_blank\" rel=\"noopener\"> Mehr Infos <em><svg aria-hidden=\"true\"><use href=\"#tf-ti-arrow-right\"><\/use><\/svg><\/em> <\/a>\r\n<a href=\"https:\/\/sommertouren.bregenzerwald.at\/de\/tour\/wanderung\/lingenau-zwischen-dorfplatz-und-bad-wellness-in-lingenau\/1560946\/\" rel=\"noopener\" target=\"_blank\"> <img decoding=\"async\" loading=\"lazy\" src=\"https:\/\/bergoase-hohenegg.com\/wp-content\/uploads\/2021\/07\/entenjunges-1508409_1280-1024x648-350x350.jpg\" width=\"350\" height=\"350\" title=\"entenjunges-1508409_1280\" alt=\"entenjunges-1508409_1280\" srcset=\"https:\/\/bergoase-hohenegg.com\/wp-content\/uploads\/2021\/07\/entenjunges-1508409_1280-1024x648-350x350.jpg 350w, https:\/\/bergoase-hohenegg.com\/wp-content\/uploads\/2021\/07\/entenjunges-1508409_1280-150x150.jpg 150w\" sizes=\"auto, (max-width: 350px) 100vw, 350px\" \/> <\/a>\r\n<h3 style=\"text-align: center;\"><a href=\"https:\/\/sommertouren.bregenzerwald.at\/de\/tour\/wanderung\/lingenau-zwischen-dorfplatz-und-bad-wellness-in-lingenau\/1560946\/\" target=\"_blank\" rel=\"noopener\">D\u00f6rnlesee<\/a><\/h3>\r\n<a href=\"https:\/\/sommertouren.bregenzerwald.at\/de\/tour\/wanderung\/lingenau-zwischen-dorfplatz-und-bad-wellness-in-lingenau\/1560946\/\" target=\"_blank\" rel=\"noopener\"> Mehr Infos <em><svg aria-hidden=\"true\"><use href=\"#tf-ti-arrow-right\"><\/use><\/svg><\/em> <\/a>\r\n<a href=\"https:\/\/www.bregenzerwald.at\/thema\/kultur\/museen-ausstellungen\/\" rel=\"noopener\" target=\"_blank\"> <img decoding=\"async\" loading=\"lazy\" src=\"https:\/\/bergoase-hohenegg.com\/wp-content\/uploads\/2021\/08\/people-2590655_1920-1024x796-350x350.jpg\" width=\"350\" height=\"350\" title=\"people-2590655_1920\" alt=\"people-2590655_1920\" srcset=\"https:\/\/bergoase-hohenegg.com\/wp-content\/uploads\/2021\/08\/people-2590655_1920-1024x796-350x350.jpg 350w, https:\/\/bergoase-hohenegg.com\/wp-content\/uploads\/2021\/08\/people-2590655_1920-150x150.jpg 150w\" sizes=\"auto, (max-width: 350px) 100vw, 350px\" \/> <\/a>\r\n<h3 style=\"text-align: center;\"><a href=\"https:\/\/www.bregenzerwald.at\/thema\/kultur\/museen-ausstellungen\/\" target=\"_blank\" rel=\"noopener\">Museen &amp; mehr&#8230;<\/a><\/h3>\r\n<a href=\"https:\/\/www.bregenzerwald.at\/thema\/kultur\/museen-ausstellungen\/\" target=\"_blank\" rel=\"noopener\"> Mehr Infos <em><svg aria-hidden=\"true\"><use href=\"#tf-ti-arrow-right\"><\/use><\/svg><\/em> <\/a>\r\n<a href=\"https:\/\/www.bregenzerwald.at\/thema\/sommer-aktivitaeten\/\" rel=\"noopener\" target=\"_blank\"> <img decoding=\"async\" loading=\"lazy\" src=\"https:\/\/bergoase-hohenegg.com\/wp-content\/uploads\/2021\/08\/mountaineer-1834841_1280-1024x683-560x263.jpg\" width=\"560\" height=\"263\" title=\"mountaineer-1834841_1280\" alt=\"mountaineer-1834841_1280\"> <\/a>\r\n<h3 style=\"text-align: center;\"><a href=\"https:\/\/www.bregenzerwald.at\/thema\/sommer-aktivitaeten\/\" target=\"_blank\" rel=\"noopener\">Sommeraktivit\u00e4ten im Bregenzerwald<\/a><\/h3>\r\n<a href=\"https:\/\/www.bregenzerwald.at\/thema\/sommer-aktivitaeten\/\" target=\"_blank\" rel=\"noopener\"> Mehr Infos <em><svg aria-hidden=\"true\"><use href=\"#tf-ti-arrow-right\"><\/use><\/svg><\/em> <\/a>\r\n<a href=\"https:\/\/lingenau-bregenzerwald.at\/bewegen\/\" rel=\"noopener\" target=\"_blank\"> <img decoding=\"async\" loading=\"lazy\" src=\"https:\/\/bergoase-hohenegg.com\/wp-content\/uploads\/2021\/08\/jump-1209647_1920-1024x678-560x262.jpg\" width=\"560\" height=\"262\" title=\"jump-1209647_1920\" alt=\"jump-1209647_1920\"> <\/a>\r\n<h3 style=\"text-align: center;\"><a href=\"https:\/\/lingenau-bregenzerwald.at\/bewegen\/\" target=\"_blank\" rel=\"noopener\">Schwimmen, Laufen, Wandern, Radfahren und Mountainbiken in Lingenau<\/a><\/h3>\r\n<a href=\"https:\/\/lingenau-bregenzerwald.at\/bewegen\/\" target=\"_blank\" rel=\"noopener\"> Mehr Infos <em><svg aria-hidden=\"true\"><use href=\"#tf-ti-arrow-right\"><\/use><\/svg><\/em> <\/a>\r\n<a href=\"https:\/\/information.bregenzerwald.at\/de\/veranstaltungen\" rel=\"noopener\" target=\"_blank\"> <img decoding=\"async\" loading=\"lazy\" src=\"https:\/\/bergoase-hohenegg.com\/wp-content\/uploads\/2021\/07\/audience-868074_1920-1024x681-350x350.jpg\" width=\"350\" height=\"350\" title=\"audience-868074_1920\" alt=\"audience-868074_1920\" srcset=\"https:\/\/bergoase-hohenegg.com\/wp-content\/uploads\/2021\/07\/audience-868074_1920-1024x681-350x350.jpg 350w, https:\/\/bergoase-hohenegg.com\/wp-content\/uploads\/2021\/07\/audience-868074_1920-150x150.jpg 150w\" sizes=\"auto, (max-width: 350px) 100vw, 350px\" \/> <\/a>\r\n<h3 style=\"text-align: center;\"><a href=\"https:\/\/information.bregenzerwald.at\/de\/veranstaltungen\" target=\"_blank\" rel=\"noopener\">Veranstaltungen und Unternehmungen<\/a><\/h3>\r\n<a href=\"https:\/\/information.bregenzerwald.at\/de\/veranstaltungen\" target=\"_blank\" rel=\"noopener\"> Mehr Infos <em><svg aria-hidden=\"true\"><use href=\"#tf-ti-arrow-right\"><\/use><\/svg><\/em> <\/a>\r\n<a href=\"https:\/\/nagelfluhkette.info\/\" rel=\"noopener\" target=\"_blank\"> <img decoding=\"async\" loading=\"lazy\" src=\"https:\/\/bergoase-hohenegg.com\/wp-content\/uploads\/2021\/07\/allgau-810354_1280-1024x768-350x350.jpg\" width=\"350\" height=\"350\" title=\"allgau-810354_1280\" alt=\"allgau-810354_1280\" srcset=\"https:\/\/bergoase-hohenegg.com\/wp-content\/uploads\/2021\/07\/allgau-810354_1280-1024x768-350x350.jpg 350w, https:\/\/bergoase-hohenegg.com\/wp-content\/uploads\/2021\/07\/allgau-810354_1280-150x150.jpg 150w\" sizes=\"auto, (max-width: 350px) 100vw, 350px\" \/> <\/a>\r\n<h3 style=\"text-align: center;\"><a href=\"https:\/\/nagelfluhkette.info\/\" target=\"_blank\" rel=\"noopener\">Naturpark Nagelfluhkette<\/a><\/h3>\r\n<a href=\"https:\/\/nagelfluhkette.info\/\" target=\"_blank\" rel=\"noopener\"> Mehr Infos <em><svg aria-hidden=\"true\"><use href=\"#tf-ti-arrow-right\"><\/use><\/svg><\/em> <\/a>\r\n<img decoding=\"async\" loading=\"lazy\" src=\"https:\/\/bergoase-hohenegg.com\/wp-content\/uploads\/2021\/08\/man-498473_1280-1024x662-560x362.webp\" width=\"560\" height=\"362\" title=\"man-498473_1280\" alt=\"man-498473_1280\" srcset=\"https:\/\/bergoase-hohenegg.com\/wp-content\/uploads\/2021\/08\/man-498473_1280-1024x662-560x362.webp 560w, https:\/\/bergoase-hohenegg.com\/wp-content\/uploads\/2021\/08\/man-498473_1280-300x194.webp 300w, https:\/\/bergoase-hohenegg.com\/wp-content\/uploads\/2021\/08\/man-498473_1280-1024x662.webp 1024w, https:\/\/bergoase-hohenegg.com\/wp-content\/uploads\/2021\/08\/man-498473_1280-768x497.webp 768w, https:\/\/bergoase-hohenegg.com\/wp-content\/uploads\/2021\/08\/man-498473_1280.webp 1280w\" sizes=\"auto, (max-width: 560px) 100vw, 560px\" \/>\r\n<h2>Wintersport im Bregenzerwald<\/h2> <p>In weniger als 40 Minuten kommen Sie mit dem Auto in alle gro\u00dfen <a href=\"https:\/\/www.bregenzerwald.at\/thema\/winter-aktivitaeten\/skifahren\/skigebiete\/\" target=\"_blank\" rel=\"noopener\"><strong>Schigebiete<\/strong><\/a> im <strong>Bregenzerwald<\/strong>. Aber auch <a href=\"https:\/\/www.bregenzerwald.at\/thema\/winter-aktivitaeten\/skitouren-bregenzerwald\/\" target=\"_blank\" rel=\"noopener\"><strong>Skitouren<\/strong> <\/a>oder andere <strong>Aktivit\u00e4ten<\/strong> <strong>im<\/strong> <strong>Schnee<\/strong> kommen im Herzen Vorarlbergs nicht zu kurt. Genie\u00dfen Sie Ihren Schiurlaub im Bregenzerwald und \u00fcbernachten Sie gem\u00fctlich in der <strong>Bergoase Hohenegg<\/strong>.\u00a0<\/p>\r\n<a href=\"https:\/\/www.schetteregg.at\/\" rel=\"noopener\" target=\"_blank\"> <img decoding=\"async\" loading=\"lazy\" src=\"https:\/\/bergoase-hohenegg.com\/wp-content\/uploads\/2021\/08\/snowboarding-4763731_1280-1024x682-350x350.jpg\" width=\"350\" height=\"350\" title=\"snowboarding-4763731_1280\" alt=\"snowboarding-4763731_1280\" srcset=\"https:\/\/bergoase-hohenegg.com\/wp-content\/uploads\/2021\/08\/snowboarding-4763731_1280-1024x682-350x350.jpg 350w, https:\/\/bergoase-hohenegg.com\/wp-content\/uploads\/2021\/08\/snowboarding-4763731_1280-150x150.jpg 150w\" sizes=\"auto, (max-width: 350px) 100vw, 350px\" \/> <\/a>\r\n<h3 style=\"text-align: center;\"><a href=\"https:\/\/www.schetteregg.at\/\" target=\"_blank\" rel=\"noopener\">Ski- &amp; Wanderpark Schetteregg<\/a><\/h3>\r\n<p style=\"text-align: center;\">Entfernung: 15 Autominuten<\/p>\r\n<a href=\"https:\/\/www.schetteregg.at\/\" target=\"_blank\" rel=\"noopener\"> Mehr Infos <em><svg aria-hidden=\"true\"><use href=\"#tf-ti-arrow-right\"><\/use><\/svg><\/em> <\/a>\r\n<a href=\"https:\/\/www.damuels-mellau.at\/de\/winter\/skigebiet\" rel=\"noopener\" target=\"_blank\"> <img decoding=\"async\" loading=\"lazy\" src=\"https:\/\/bergoase-hohenegg.com\/wp-content\/uploads\/2021\/08\/snow-2591492_1280-1024x682-350x350.jpg\" width=\"350\" height=\"350\" title=\"snow-2591492_1280\" alt=\"snow-2591492_1280\" srcset=\"https:\/\/bergoase-hohenegg.com\/wp-content\/uploads\/2021\/08\/snow-2591492_1280-1024x682-350x350.jpg 350w, https:\/\/bergoase-hohenegg.com\/wp-content\/uploads\/2021\/08\/snow-2591492_1280-150x150.jpg 150w\" sizes=\"auto, (max-width: 350px) 100vw, 350px\" \/> <\/a>\r\n<h3 style=\"text-align: center;\"><a href=\"https:\/\/www.damuels-mellau.at\/de\/winter\/skigebiet\" target=\"_blank\" rel=\"noopener\">Bergbahnen <\/a><br><a href=\"https:\/\/www.damuels-mellau.at\/de\/winter\/skigebiet\" target=\"_blank\" rel=\"noopener\">Mellau-Dam\u00fcls<\/a><\/h3>\r\n<p style=\"text-align: center;\">Entfernung: 25 Autominuten<\/p>\r\n<a href=\"https:\/\/www.damuels-mellau.at\/de\/winter\/skigebiet\" target=\"_blank\" rel=\"noopener\"> Mehr Infos <em><svg aria-hidden=\"true\"><use href=\"#tf-ti-arrow-right\"><\/use><\/svg><\/em> <\/a>\r\n<a href=\"https:\/\/www.warth-schroecken.at\/\" rel=\"noopener\" target=\"_blank\"> <img decoding=\"async\" loading=\"lazy\" src=\"https:\/\/bergoase-hohenegg.com\/wp-content\/uploads\/2021\/08\/mountains-1209810_1280-1024x767-350x350.jpg\" width=\"350\" height=\"350\" title=\"mountains-1209810_1280\" alt=\"mountains-1209810_1280\" srcset=\"https:\/\/bergoase-hohenegg.com\/wp-content\/uploads\/2021\/08\/mountains-1209810_1280-1024x767-350x350.jpg 350w, https:\/\/bergoase-hohenegg.com\/wp-content\/uploads\/2021\/08\/mountains-1209810_1280-150x150.jpg 150w\" sizes=\"auto, (max-width: 350px) 100vw, 350px\" \/> <\/a>\r\n<h3 style=\"text-align: center;\"><a href=\"https:\/\/www.warth-schroecken.at\/\" target=\"_blank\" rel=\"noopener\">Skigebiet <\/a><br><a href=\"https:\/\/www.warth-schroecken.at\/\" target=\"_blank\" rel=\"noopener\">Warth Schr\u00f6cken<\/a><\/h3>\r\n<p style=\"text-align: center;\">Entfernung: 50 Autominuten<\/p>\r\n<a href=\"https:\/\/www.warth-schroecken.at\/\" target=\"_blank\" rel=\"noopener\"> Mehr Infos <em><svg aria-hidden=\"true\"><use href=\"#tf-ti-arrow-right\"><\/use><\/svg><\/em> <\/a>\r\n<h2>Noch Fragen zu den Freizeitaktivit\u00e4ten?<\/h2> <p>Wenn Sie noch mehr Auskunft haben wollen oder Fragen zu den Freizeitaktivit\u00e4ten haben, z\u00f6gern Sie nicht uns zu kontaktieren. Sehr gerne helfen wir Ihnen weiter!\u00a0<\/p>\r\n<a href=\"https:\/\/bergoase-hohenegg.com\/?page_id=14\/#kontaktformular\" > Jetzt kontaktieren! <em><svg aria-hidden=\"true\"><use href=\"#tf-ti-arrow-right\"><\/use><\/svg><\/em> <\/a>\r\n<img decoding=\"async\" loading=\"lazy\" src=\"https:\/\/bergoase-hohenegg.com\/wp-content\/uploads\/2021\/08\/woman-731140_1280-1024x682-560x373.jpg\" width=\"560\" height=\"373\" title=\"woman-731140_1280\" alt=\"woman-731140_1280\" srcset=\"https:\/\/bergoase-hohenegg.com\/wp-content\/uploads\/2021\/08\/woman-731140_1280-1024x682-560x373.jpg 560w, https:\/\/bergoase-hohenegg.com\/wp-content\/uploads\/2021\/08\/woman-731140_1280-300x200.jpg 300w, https:\/\/bergoase-hohenegg.com\/wp-content\/uploads\/2021\/08\/woman-731140_1280-1024x682.jpg 1024w, https:\/\/bergoase-hohenegg.com\/wp-content\/uploads\/2021\/08\/woman-731140_1280-768x512.jpg 768w, https:\/\/bergoase-hohenegg.com\/wp-content\/uploads\/2021\/08\/woman-731140_1280.jpg 1280w\" sizes=\"auto, (max-width: 560px) 100vw, 560px\" \/>\r\n\r\n<h2>Mehr Eindr\u00fccke von der Bergoase Hohenegg finden Sie hier&#8230;<\/h2>\r\n<a href=\"https:\/\/bergoase-hohenegg.com\/?page_id=18%20\" > Zum Haus <em><svg aria-hidden=\"true\"><use href=\"#tf-ti-arrow-right\"><\/use><\/svg><\/em> <\/a><!--\/themify_builder_static--><\/p>","protected":false},"excerpt":{"rendered":"<p>Freizeitaktivit\u00e4ten &#8211; Bergoase HoheneggIm Sommer wie im Winter F\u00fcr alle Alters- und Interessensgruppen finden sich attraktive M\u00f6glichkeiten, den Urlaub in der Bergoase Hohenegg zu vers\u00fc\u00dfen. Quelltuff Lingenau Mehr Infos High5 Outdoorcenter Mehr Infos Rotenberg Wald Mehr Infos Architektur Mehr Infos D\u00f6rnlesee Mehr Infos Museen &amp; mehr&#8230; Mehr Infos Sommeraktivit\u00e4ten im Bregenzerwald Mehr Infos Schwimmen, Laufen, [&hellip;]<\/p>\n","protected":false},"author":1,"featured_media":0,"parent":0,"menu_order":0,"comment_status":"closed","ping_status":"closed","template":"","meta":{"footnotes":""},"class_list":["post-17","page","type-page","status-publish","hentry","has-post-title","has-post-date","has-post-category","has-post-tag","has-post-comment","has-post-author",""],"yoast_head":"<!-- This site is optimized with the Yoast SEO plugin v27.5 - https:\/\/yoast.com\/product\/yoast-seo-wordpress\/ -->\n<title>Freizeitaktivit\u00e4ten - Bergoase Hohenegg<\/title>\n<meta name=\"robots\" content=\"index, follow, max-snippet:-1, max-image-preview:large, max-video-preview:-1\" \/>\n<link rel=\"canonical\" href=\"https:\/\/bergoase-hohenegg.com\/?page_id=17\" \/>\n<meta property=\"og:locale\" content=\"de_DE\" \/>\n<meta property=\"og:type\" content=\"article\" \/>\n<meta property=\"og:title\" content=\"Freizeitaktivit\u00e4ten - Bergoase Hohenegg\" \/>\n<meta property=\"og:description\" content=\"Freizeitaktivit\u00e4ten &#8211; Bergoase HoheneggIm Sommer wie im Winter F\u00fcr alle Alters- und Interessensgruppen finden sich attraktive M\u00f6glichkeiten, den Urlaub in der Bergoase Hohenegg zu vers\u00fc\u00dfen. Quelltuff Lingenau Mehr Infos High5 Outdoorcenter Mehr Infos Rotenberg Wald Mehr Infos Architektur Mehr Infos D\u00f6rnlesee Mehr Infos Museen &amp; mehr&#8230; Mehr Infos Sommeraktivit\u00e4ten im Bregenzerwald Mehr Infos Schwimmen, Laufen, [&hellip;]\" \/>\n<meta property=\"og:url\" content=\"https:\/\/bergoase-hohenegg.com\/?page_id=17\" \/>\n<meta property=\"og:site_name\" content=\"Bergoase Hohenegg\" \/>\n<meta property=\"article:modified_time\" content=\"2021-09-01T16:55:47+00:00\" \/>\n<meta property=\"og:image\" content=\"https:\/\/bergoase-hohenegg.com\/wp-content\/uploads\/2021\/07\/stalactite-1664515_1280-1024x678-350x350.jpg\" \/>\n<meta name=\"twitter:card\" content=\"summary_large_image\" \/>\n<meta name=\"twitter:label1\" content=\"Gesch\u00e4tzte Lesezeit\" \/>\n\t<meta name=\"twitter:data1\" content=\"1 Minute\" \/>\n<script type=\"application\/ld+json\" class=\"yoast-schema-graph\">{\"@context\":\"https:\\\/\\\/schema.org\",\"@graph\":[{\"@type\":\"WebPage\",\"@id\":\"https:\\\/\\\/bergoase-hohenegg.com\\\/?page_id=17\",\"url\":\"https:\\\/\\\/bergoase-hohenegg.com\\\/?page_id=17\",\"name\":\"Freizeitaktivit\u00e4ten - Bergoase Hohenegg\",\"isPartOf\":{\"@id\":\"https:\\\/\\\/bergoase-hohenegg.com\\\/#website\"},\"primaryImageOfPage\":{\"@id\":\"https:\\\/\\\/bergoase-hohenegg.com\\\/?page_id=17#primaryimage\"},\"image\":{\"@id\":\"https:\\\/\\\/bergoase-hohenegg.com\\\/?page_id=17#primaryimage\"},\"thumbnailUrl\":\"https:\\\/\\\/bergoase-hohenegg.com\\\/wp-content\\\/uploads\\\/2021\\\/07\\\/stalactite-1664515_1280-1024x678-350x350.jpg\",\"datePublished\":\"2021-02-12T13:17:21+00:00\",\"dateModified\":\"2021-09-01T16:55:47+00:00\",\"breadcrumb\":{\"@id\":\"https:\\\/\\\/bergoase-hohenegg.com\\\/?page_id=17#breadcrumb\"},\"inLanguage\":\"de-AT\",\"potentialAction\":[{\"@type\":\"ReadAction\",\"target\":[\"https:\\\/\\\/bergoase-hohenegg.com\\\/?page_id=17\"]}]},{\"@type\":\"ImageObject\",\"inLanguage\":\"de-AT\",\"@id\":\"https:\\\/\\\/bergoase-hohenegg.com\\\/?page_id=17#primaryimage\",\"url\":\"https:\\\/\\\/bergoase-hohenegg.com\\\/wp-content\\\/uploads\\\/2021\\\/07\\\/stalactite-1664515_1280-1024x678-350x350.jpg\",\"contentUrl\":\"https:\\\/\\\/bergoase-hohenegg.com\\\/wp-content\\\/uploads\\\/2021\\\/07\\\/stalactite-1664515_1280-1024x678-350x350.jpg\"},{\"@type\":\"BreadcrumbList\",\"@id\":\"https:\\\/\\\/bergoase-hohenegg.com\\\/?page_id=17#breadcrumb\",\"itemListElement\":[{\"@type\":\"ListItem\",\"position\":1,\"name\":\"Home\",\"item\":\"https:\\\/\\\/bergoase-hohenegg.com\\\/\"},{\"@type\":\"ListItem\",\"position\":2,\"name\":\"Freizeitaktivit\u00e4ten\"}]},{\"@type\":\"WebSite\",\"@id\":\"https:\\\/\\\/bergoase-hohenegg.com\\\/#website\",\"url\":\"https:\\\/\\\/bergoase-hohenegg.com\\\/\",\"name\":\"Bergoase Hohenegg\",\"description\":\"Bergoase\",\"potentialAction\":[{\"@type\":\"SearchAction\",\"target\":{\"@type\":\"EntryPoint\",\"urlTemplate\":\"https:\\\/\\\/bergoase-hohenegg.com\\\/?s={search_term_string}\"},\"query-input\":{\"@type\":\"PropertyValueSpecification\",\"valueRequired\":true,\"valueName\":\"search_term_string\"}}],\"inLanguage\":\"de-AT\"}]}<\/script>\n<!-- \/ Yoast SEO plugin. -->","yoast_head_json":{"title":"Freizeitaktivit\u00e4ten - Bergoase Hohenegg","robots":{"index":"index","follow":"follow","max-snippet":"max-snippet:-1","max-image-preview":"max-image-preview:large","max-video-preview":"max-video-preview:-1"},"canonical":"https:\/\/bergoase-hohenegg.com\/?page_id=17","og_locale":"de_DE","og_type":"article","og_title":"Freizeitaktivit\u00e4ten - Bergoase Hohenegg","og_description":"Freizeitaktivit\u00e4ten &#8211; Bergoase HoheneggIm Sommer wie im Winter F\u00fcr alle Alters- und Interessensgruppen finden sich attraktive M\u00f6glichkeiten, den Urlaub in der Bergoase Hohenegg zu vers\u00fc\u00dfen. Quelltuff Lingenau Mehr Infos High5 Outdoorcenter Mehr Infos Rotenberg Wald Mehr Infos Architektur Mehr Infos D\u00f6rnlesee Mehr Infos Museen &amp; mehr&#8230; Mehr Infos Sommeraktivit\u00e4ten im Bregenzerwald Mehr Infos Schwimmen, Laufen, [&hellip;]","og_url":"https:\/\/bergoase-hohenegg.com\/?page_id=17","og_site_name":"Bergoase Hohenegg","article_modified_time":"2021-09-01T16:55:47+00:00","og_image":[{"url":"https:\/\/bergoase-hohenegg.com\/wp-content\/uploads\/2021\/07\/stalactite-1664515_1280-1024x678-350x350.jpg","type":"","width":"","height":""}],"twitter_card":"summary_large_image","twitter_misc":{"Gesch\u00e4tzte Lesezeit":"1 Minute"},"schema":{"@context":"https:\/\/schema.org","@graph":[{"@type":"WebPage","@id":"https:\/\/bergoase-hohenegg.com\/?page_id=17","url":"https:\/\/bergoase-hohenegg.com\/?page_id=17","name":"Freizeitaktivit\u00e4ten - Bergoase Hohenegg","isPartOf":{"@id":"https:\/\/bergoase-hohenegg.com\/#website"},"primaryImageOfPage":{"@id":"https:\/\/bergoase-hohenegg.com\/?page_id=17#primaryimage"},"image":{"@id":"https:\/\/bergoase-hohenegg.com\/?page_id=17#primaryimage"},"thumbnailUrl":"https:\/\/bergoase-hohenegg.com\/wp-content\/uploads\/2021\/07\/stalactite-1664515_1280-1024x678-350x350.jpg","datePublished":"2021-02-12T13:17:21+00:00","dateModified":"2021-09-01T16:55:47+00:00","breadcrumb":{"@id":"https:\/\/bergoase-hohenegg.com\/?page_id=17#breadcrumb"},"inLanguage":"de-AT","potentialAction":[{"@type":"ReadAction","target":["https:\/\/bergoase-hohenegg.com\/?page_id=17"]}]},{"@type":"ImageObject","inLanguage":"de-AT","@id":"https:\/\/bergoase-hohenegg.com\/?page_id=17#primaryimage","url":"https:\/\/bergoase-hohenegg.com\/wp-content\/uploads\/2021\/07\/stalactite-1664515_1280-1024x678-350x350.jpg","contentUrl":"https:\/\/bergoase-hohenegg.com\/wp-content\/uploads\/2021\/07\/stalactite-1664515_1280-1024x678-350x350.jpg"},{"@type":"BreadcrumbList","@id":"https:\/\/bergoase-hohenegg.com\/?page_id=17#breadcrumb","itemListElement":[{"@type":"ListItem","position":1,"name":"Home","item":"https:\/\/bergoase-hohenegg.com\/"},{"@type":"ListItem","position":2,"name":"Freizeitaktivit\u00e4ten"}]},{"@type":"WebSite","@id":"https:\/\/bergoase-hohenegg.com\/#website","url":"https:\/\/bergoase-hohenegg.com\/","name":"Bergoase Hohenegg","description":"Bergoase","potentialAction":[{"@type":"SearchAction","target":{"@type":"EntryPoint","urlTemplate":"https:\/\/bergoase-hohenegg.com\/?s={search_term_string}"},"query-input":{"@type":"PropertyValueSpecification","valueRequired":true,"valueName":"search_term_string"}}],"inLanguage":"de-AT"}]}},"_links":{"self":[{"href":"https:\/\/bergoase-hohenegg.com\/index.php?rest_route=\/wp\/v2\/pages\/17","targetHints":{"allow":["GET"]}}],"collection":[{"href":"https:\/\/bergoase-hohenegg.com\/index.php?rest_route=\/wp\/v2\/pages"}],"about":[{"href":"https:\/\/bergoase-hohenegg.com\/index.php?rest_route=\/wp\/v2\/types\/page"}],"author":[{"embeddable":true,"href":"https:\/\/bergoase-hohenegg.com\/index.php?rest_route=\/wp\/v2\/users\/1"}],"replies":[{"embeddable":true,"href":"https:\/\/bergoase-hohenegg.com\/index.php?rest_route=%2Fwp%2Fv2%2Fcomments&post=17"}],"version-history":[{"count":47,"href":"https:\/\/bergoase-hohenegg.com\/index.php?rest_route=\/wp\/v2\/pages\/17\/revisions"}],"predecessor-version":[{"id":374,"href":"https:\/\/bergoase-hohenegg.com\/index.php?rest_route=\/wp\/v2\/pages\/17\/revisions\/374"}],"wp:attachment":[{"href":"https:\/\/bergoase-hohenegg.com\/index.php?rest_route=%2Fwp%2Fv2%2Fmedia&parent=17"}],"curies":[{"name":"wp","href":"https:\/\/api.w.org\/{rel}","templated":true}]}}