{"id":15,"date":"2021-02-05T03:37:37","date_gmt":"2021-02-05T03:37:37","guid":{"rendered":"https:\/\/themify.me\/demo\/themes\/ultra-interior\/?page_id=6"},"modified":"2025-11-26T22:55:37","modified_gmt":"2025-11-26T22:55:37","slug":"home","status":"publish","type":"page","link":"https:\/\/bergoase-hohenegg.com\/","title":{"rendered":"Home"},"content":{"rendered":"\r\n<p><!--themify_builder_static--><a href=\"https:\/\/bergoase-hohenegg.com\" rel=\"noopener\" target=\"_blank\" > <img loading=\"lazy\" decoding=\"async\" src=\"https:\/\/bergoase-hohenegg.com\/wp-content\/uploads\/2021\/07\/Logo_Bergoase_Hohenegg-250x250.png\" width=\"250\" height=\"250\" title=\"Logo_Bergoase_Hohenegg\" alt=\"Bergoase_Hohenegg_Logo\" srcset=\"https:\/\/bergoase-hohenegg.com\/wp-content\/uploads\/2021\/07\/Logo_Bergoase_Hohenegg-250x250.png 250w, https:\/\/bergoase-hohenegg.com\/wp-content\/uploads\/2021\/07\/Logo_Bergoase_Hohenegg-300x300.png 300w, https:\/\/bergoase-hohenegg.com\/wp-content\/uploads\/2021\/07\/Logo_Bergoase_Hohenegg-150x150.png 150w, https:\/\/bergoase-hohenegg.com\/wp-content\/uploads\/2021\/07\/Logo_Bergoase_Hohenegg-768x768.png 768w, https:\/\/bergoase-hohenegg.com\/wp-content\/uploads\/2021\/07\/Logo_Bergoase_Hohenegg.png 1000w\" sizes=\"auto, (max-width: 250px) 100vw, 250px\" \/> <\/a>\n\n<h2>Wohlf\u00fchlen im Herzen des Bregenzerwaldes &#8230;<\/h2> <p>Die <strong>Bergoase Hohenegg <\/strong>ist ein liebevoll renoviertes Bauernhaus, dass nun als Ferienunterkunft gemietet werden darf. Etwas abgelegen, aber doch in der <a href=\"https:\/\/www.google.com\/maps\/dir\/Bergoase+Hohenegg,+Bochern+145,+6951+Lingenau\/Johannes+der+T%C3%A4ufer,+Hof+19,+6951+Lingenau\/@47.4517953,9.9165729,803m\/data=!3m2!1e3!4b1!4m13!4m12!1m5!1m1!1s0x479b6f7818934b8d:0x5b013c918a9fd666!2m2!1d9.9171083!2d47.4529933!1m5!1m1!1s0x479b6f0a2c3d3a85:0x6f5bf11c8afbac25!2m2!1d9.9195256!2d47.4504704\" target=\"_blank\" rel=\"noopener\">N\u00e4he zum Dorfzentrum<\/a> k\u00f6nnen Sie Ihren Aufenthalt genie\u00dfen.\u00a0<\/p> <p>Perfekt geeignet f\u00fcr Familien, Vereine oder alle Personen, die mitten im Alpenpanorama Urlaub machen wollen. Auch sehr vielen Freizeitaktivit\u00e4ten kann im sch\u00f6nen <a href=\"https:\/\/www.bregenzerwald.at\/\" target=\"_blank\" rel=\"noopener\">Bregenzerwald <\/a>nachgegangen werden.<\/p>\n<a href=\"https:\/\/bergoase-hohenegg.com\/?page_id=18\" > Bergoase von Innen <em><svg aria-hidden=\"true\"><use href=\"#tf-ti-arrow-right\"><\/use><\/svg><\/em> <\/a>\n\n<h2>Ihre Ferienoase f\u00fcr die ganze Familie<\/h2> <h3>Freizeit, Erholung, Spa\u00df und bleibende Erinnerungen&#8230;<\/h3>\n<a href=\"https:\/\/bergoase-hohenegg.com\/?page_id=18\" > <img loading=\"lazy\" decoding=\"async\" src=\"https:\/\/bergoase-hohenegg.com\/wp-content\/uploads\/2023\/07\/DJI_0569-1024x576-360x230.jpg\" width=\"360\" height=\"230\" title=\"Die Bergoase Hohenegg\" alt=\"Der gem\u00fctliche und frisch renovierte Wohnraum des Bauernhaus steht Ihrer Familie, Ihrem Verein oder Gruppe ganz zur Verf\u00fcgung.\"> <\/a> <h3> <a href=\"https:\/\/bergoase-hohenegg.com\/?page_id=18\" > Die Bergoase Hohenegg <\/a> <\/h3> Der gem\u00fctliche und frisch renovierte Wohnraum des Bauernhaus steht Ihrer Familie, Ihrem Verein oder Gruppe ganz zur Verf\u00fcgung.\n<a href=\"https:\/\/bergoase-hohenegg.com\/?page_id=18\"> <em><svg aria-hidden=\"true\"><use href=\"#tf-ti-arrow-right\"><\/use><\/svg><\/em> Alles zum Haus <\/a>\n<a href=\"https:\/\/bergoase-hohenegg.com\/?page_id=17\" > <img loading=\"lazy\" decoding=\"async\" src=\"https:\/\/bergoase-hohenegg.com\/wp-content\/uploads\/2021\/07\/hammock-1031363_1280-1024x680-360x230.jpg\" width=\"360\" height=\"230\" title=\"Freizeitaktivit\u00e4ten in der Umgebung\" alt=\"F\u00fcr Familien, Gruppen und Senioren bietet der Bregenzerwald sehr viel Interessantes! Alle Aktivit\u00e4ten liegen in der gut erreichbaren Umgebung deines Urlaubsortes.\"> <\/a> <h3> <a href=\"https:\/\/bergoase-hohenegg.com\/?page_id=17\" > Freizeitaktivit\u00e4ten in der Umgebung <\/a> <\/h3> F\u00fcr Familien, Gruppen und Senioren bietet der Bregenzerwald sehr viel Interessantes! Alle Aktivit\u00e4ten liegen in der gut erreichbaren Umgebung deines Urlaubsortes.\n<a href=\"https:\/\/bergoase-hohenegg.com\/?page_id=17\"> <em><svg aria-hidden=\"true\"><use href=\"#tf-ti-arrow-right\"><\/use><\/svg><\/em> Zu den Freizeitaktivit\u00e4ten <\/a>\n<a href=\"https:\/\/bergoase-hohenegg.com\/?page_id=14\" > <img loading=\"lazy\" decoding=\"async\" src=\"https:\/\/bergoase-hohenegg.com\/wp-content\/uploads\/2021\/07\/house-1407562_1920-1024x683-360x230.jpg\" width=\"360\" height=\"230\" title=\"Buchungsanfrage\" alt=\"Wir freuen uns auf Ihre unverbindliche Buchungsanfrage. Ihr Traumurlaub ist nur wenige Klicks entfernt.\"> <\/a> <h3> <a href=\"https:\/\/bergoase-hohenegg.com\/?page_id=14\" > Buchungsanfrage <\/a> <\/h3> Wir freuen uns auf Ihre unverbindliche Buchungsanfrage. Ihr Traumurlaub ist nur wenige Klicks entfernt.\n<a href=\"https:\/\/bergoase-hohenegg.com\/?page_id=14\"> <em><svg aria-hidden=\"true\"><use href=\"#tf-ti-arrow-right\"><\/use><\/svg><\/em> Anfrage stellen <\/a>\n\n<h2>Wundersch\u00f6n und modern renoviert&#8230;<\/h2> <p>Das <a href=\"https:\/\/de.wikipedia.org\/wiki\/Bregenzerw%C3%A4lderhaus\" target=\"_blank\" rel=\"noopener\"><strong>urige Bregenzerw\u00e4lder Bauernhaus<\/strong><\/a> wurde in liebevoller Kleinarbeit zu einer gem\u00fctlichen und modern renovierten Bergoase umgebaut. Der <strong>perfekte Aufenthaltsort<\/strong> f\u00fcr Familien, Vereine und Gruppen wie auch Senioren oder Studenten &#8211; ein <strong>Wohlf\u00fchlplatz<\/strong> im Herzen des Bregenzerwaldes.\u00a0<\/p> <p>Wir freuen uns, Sie bald in unserer <strong>Bergoase Hohenegg<\/strong> begr\u00fc\u00dfen zu d\u00fcrfen!<\/p>\n<a href=\"https:\/\/bergoase-hohenegg.com\/?page_id=18\" > Hier zum Rundgang durchs Haus <em><svg aria-hidden=\"true\"><use href=\"#tf-ti-arrow-right\"><\/use><\/svg><\/em> <\/a>\n<img loading=\"lazy\" decoding=\"async\" src=\"https:\/\/bergoase-hohenegg.com\/wp-content\/uploads\/2021\/07\/erwachsene-FREDL-131x102.png\" width=\"131\" height=\"102\" title=\"Erwachsene\" alt=\"Erwachsene\"> <h3> Erwachsene <\/h3>\n<h3>\u20ac 50,-<\/h3> <p>inkl. Mwst. pro Nacht<\/p> <p>zzgl. Kurtaxe<\/p> <p>Erwachsenenpreis gilt ab dem 14. Lebensjahr.<\/p>\n<img loading=\"lazy\" decoding=\"async\" src=\"https:\/\/bergoase-hohenegg.com\/wp-content\/uploads\/2021\/07\/kinder-FREDL-131x102.png\" width=\"131\" height=\"102\" title=\"Kinder\" alt=\"Kinder\"> <h3> Kinder <\/h3>\n<h3>\u20ac 22,-<\/h3> <p>inkl. Mwst. pro Nacht<\/p> <p>Kinderpreis von 6 bis 14 Lebensjahre.<\/p>\n<img loading=\"lazy\" decoding=\"async\" src=\"https:\/\/bergoase-hohenegg.com\/wp-content\/uploads\/2021\/07\/babyhund-FREDL-131x102.png\" width=\"131\" height=\"102\" title=\"Kleinkinder \" alt=\"Kleinkinder \"> <h3> Kleinkinder <\/h3>\n<h3>\u20ac 12,-<\/h3>\n<p>Kleinkinder von 0 bis 6 Lebensjahre<br>M\u00fcllentsorgung inkl.<\/p> <h6><strong>HUNDE: \u20ac 10 Nacht\/Tier<\/strong><\/h6> <p>\u00a0<\/p>\n<h3>Preisinformationen<\/h3> <p>Die Preise k\u00f6nnen sich an Feiertagen und in den Ferien unterscheiden. Bei Einzelnutzung eines Zimmers wird ein Aufpreis von 5\u20ac \/ Nacht berechnet. F\u00fcr das gesamte Haus f\u00e4llt eine einmalige Endreinigungsgeb\u00fchr von 80\u20ac an. Stornierungen bis 30 Tage vor der Anreise sind kostenlos: bis 14 Tage vor der Anreise stellen wir 40% in Rechnung, bis 7 Tage vorher 70%. Ab sechs Tage vor der Anreise oder bei Nichtanreise fallen 100% des Gesamtpreises an.<\/p>\n<img loading=\"lazy\" decoding=\"async\" src=\"https:\/\/bergoase-hohenegg.com\/wp-content\/uploads\/2021\/07\/trail-running-1245982_1280-1024x680-571x593.jpg\" width=\"571\" height=\"593\" title=\"Bergoase_Hohenegg_freizeitaktivaeten_wandern\" alt=\"Bergoase_Hohenegg_freizeitaktivaeten_wandern\">\n<h2>Freizeit, Erholung und Erlebnisse in der Bergoase Hohenegg&#8230;<\/h2>\n<a href=\"https:\/\/bergoase-hohenegg.com\/?page_id=17\" > Zum Freizeitangebot <em><svg aria-hidden=\"true\"><use href=\"#tf-ti-arrow-right\"><\/use><\/svg><\/em> <\/a>\n<h2>Abgelegen in der Natur und doch im Dorfzentrum&#8230;<\/h2> <p>Unsere <strong>Bergoase Hohenegg<\/strong> steht mitten im Gr\u00fcnen und ist der perfekte Ort um Energie zu tanken. Nichtsdestotrotz, befindet sich unser gem\u00fctliches Ferienhaus nur 10 Gehminuten vom <a href=\"https:\/\/www.lingenau.at\/\" target=\"_blank\" rel=\"noopener\">Dorfkern<\/a>, in dem sich Gasth\u00e4user, Lebensmittelgesch\u00e4fte usw. befinden.<\/p>\n<h3>Lingenau (A) von oben:<\/h3><!--\/themify_builder_static--><\/p>","protected":false},"excerpt":{"rendered":"<p>Wohlf\u00fchlen im Herzen des Bregenzerwaldes &#8230; Die Bergoase Hohenegg ist ein liebevoll renoviertes Bauernhaus, dass nun als Ferienunterkunft gemietet werden darf. Etwas abgelegen, aber doch in der N\u00e4he zum Dorfzentrum k\u00f6nnen Sie Ihren Aufenthalt genie\u00dfen.\u00a0 Perfekt geeignet f\u00fcr Familien, Vereine oder alle Personen, die mitten im Alpenpanorama Urlaub machen wollen. Auch sehr vielen Freizeitaktivit\u00e4ten kann [&hellip;]<\/p>\n","protected":false},"author":1,"featured_media":0,"parent":0,"menu_order":0,"comment_status":"closed","ping_status":"closed","template":"","meta":{"footnotes":""},"class_list":["post-15","page","type-page","status-publish","hentry","has-post-title","has-post-date","has-post-category","has-post-tag","has-post-comment","has-post-author",""],"yoast_head":"<!-- This site is optimized with the Yoast SEO plugin v27.4 - https:\/\/yoast.com\/product\/yoast-seo-wordpress\/ -->\n<title>Home - Bergoase Hohenegg<\/title>\n<meta name=\"description\" content=\"\u25b6\ufe0f Willkommen bei der Bergoase Hohenegg in Lingenau (A). Genie\u00dfen Sie Ihren Aufenthalt im Herzen des Bregenzerwaldes. Wir freuen uns auf Sie!\" \/>\n<meta name=\"robots\" content=\"index, follow, max-snippet:-1, max-image-preview:large, max-video-preview:-1\" \/>\n<link rel=\"canonical\" href=\"https:\/\/bergoase-hohenegg.com\/\" \/>\n<meta property=\"og:locale\" content=\"de_DE\" \/>\n<meta property=\"og:type\" content=\"article\" \/>\n<meta property=\"og:title\" content=\"Home - Bergoase Hohenegg\" \/>\n<meta property=\"og:description\" content=\"\u25b6\ufe0f Willkommen bei der Bergoase Hohenegg in Lingenau (A). Genie\u00dfen Sie Ihren Aufenthalt im Herzen des Bregenzerwaldes. Wir freuen uns auf Sie!\" \/>\n<meta property=\"og:url\" content=\"https:\/\/bergoase-hohenegg.com\/\" \/>\n<meta property=\"og:site_name\" content=\"Bergoase Hohenegg\" \/>\n<meta property=\"article:modified_time\" content=\"2025-11-26T22:55:37+00:00\" \/>\n<meta property=\"og:image\" content=\"https:\/\/bergoase-hohenegg.com\/wp-content\/uploads\/2021\/07\/Logo_Bergoase_Hohenegg-250x250.png\" \/>\n<meta name=\"twitter:card\" content=\"summary_large_image\" \/>\n<meta name=\"twitter:label1\" content=\"Gesch\u00e4tzte Lesezeit\" \/>\n\t<meta name=\"twitter:data1\" content=\"2 Minuten\" \/>\n<script type=\"application\/ld+json\" class=\"yoast-schema-graph\">{\"@context\":\"https:\\\/\\\/schema.org\",\"@graph\":[{\"@type\":\"WebPage\",\"@id\":\"https:\\\/\\\/bergoase-hohenegg.com\\\/\",\"url\":\"https:\\\/\\\/bergoase-hohenegg.com\\\/\",\"name\":\"Home - Bergoase Hohenegg\",\"isPartOf\":{\"@id\":\"https:\\\/\\\/bergoase-hohenegg.com\\\/#website\"},\"primaryImageOfPage\":{\"@id\":\"https:\\\/\\\/bergoase-hohenegg.com\\\/#primaryimage\"},\"image\":{\"@id\":\"https:\\\/\\\/bergoase-hohenegg.com\\\/#primaryimage\"},\"thumbnailUrl\":\"https:\\\/\\\/bergoase-hohenegg.com\\\/wp-content\\\/uploads\\\/2021\\\/07\\\/Logo_Bergoase_Hohenegg-250x250.png\",\"datePublished\":\"2021-02-05T03:37:37+00:00\",\"dateModified\":\"2025-11-26T22:55:37+00:00\",\"description\":\"\u25b6\ufe0f Willkommen bei der Bergoase Hohenegg in Lingenau (A). Genie\u00dfen Sie Ihren Aufenthalt im Herzen des Bregenzerwaldes. Wir freuen uns auf Sie!\",\"breadcrumb\":{\"@id\":\"https:\\\/\\\/bergoase-hohenegg.com\\\/#breadcrumb\"},\"inLanguage\":\"de-AT\",\"potentialAction\":[{\"@type\":\"ReadAction\",\"target\":[\"https:\\\/\\\/bergoase-hohenegg.com\\\/\"]}]},{\"@type\":\"ImageObject\",\"inLanguage\":\"de-AT\",\"@id\":\"https:\\\/\\\/bergoase-hohenegg.com\\\/#primaryimage\",\"url\":\"https:\\\/\\\/bergoase-hohenegg.com\\\/wp-content\\\/uploads\\\/2021\\\/07\\\/Logo_Bergoase_Hohenegg.png\",\"contentUrl\":\"https:\\\/\\\/bergoase-hohenegg.com\\\/wp-content\\\/uploads\\\/2021\\\/07\\\/Logo_Bergoase_Hohenegg.png\",\"width\":1000,\"height\":1000,\"caption\":\"Bergoase_Hohenegg_Logo\"},{\"@type\":\"BreadcrumbList\",\"@id\":\"https:\\\/\\\/bergoase-hohenegg.com\\\/#breadcrumb\",\"itemListElement\":[{\"@type\":\"ListItem\",\"position\":1,\"name\":\"Home\",\"item\":\"https:\\\/\\\/bergoase-hohenegg.com\\\/\"},{\"@type\":\"ListItem\",\"position\":2,\"name\":\"Home\"}]},{\"@type\":\"WebSite\",\"@id\":\"https:\\\/\\\/bergoase-hohenegg.com\\\/#website\",\"url\":\"https:\\\/\\\/bergoase-hohenegg.com\\\/\",\"name\":\"Bergoase Hohenegg\",\"description\":\"Bergoase\",\"potentialAction\":[{\"@type\":\"SearchAction\",\"target\":{\"@type\":\"EntryPoint\",\"urlTemplate\":\"https:\\\/\\\/bergoase-hohenegg.com\\\/?s={search_term_string}\"},\"query-input\":{\"@type\":\"PropertyValueSpecification\",\"valueRequired\":true,\"valueName\":\"search_term_string\"}}],\"inLanguage\":\"de-AT\"}]}<\/script>\n<!-- \/ Yoast SEO plugin. -->","yoast_head_json":{"title":"Home - Bergoase Hohenegg","description":"\u25b6\ufe0f Willkommen bei der Bergoase Hohenegg in Lingenau (A). Genie\u00dfen Sie Ihren Aufenthalt im Herzen des Bregenzerwaldes. Wir freuen uns auf Sie!","robots":{"index":"index","follow":"follow","max-snippet":"max-snippet:-1","max-image-preview":"max-image-preview:large","max-video-preview":"max-video-preview:-1"},"canonical":"https:\/\/bergoase-hohenegg.com\/","og_locale":"de_DE","og_type":"article","og_title":"Home - Bergoase Hohenegg","og_description":"\u25b6\ufe0f Willkommen bei der Bergoase Hohenegg in Lingenau (A). Genie\u00dfen Sie Ihren Aufenthalt im Herzen des Bregenzerwaldes. Wir freuen uns auf Sie!","og_url":"https:\/\/bergoase-hohenegg.com\/","og_site_name":"Bergoase Hohenegg","article_modified_time":"2025-11-26T22:55:37+00:00","og_image":[{"url":"https:\/\/bergoase-hohenegg.com\/wp-content\/uploads\/2021\/07\/Logo_Bergoase_Hohenegg-250x250.png","type":"","width":"","height":""}],"twitter_card":"summary_large_image","twitter_misc":{"Gesch\u00e4tzte Lesezeit":"2 Minuten"},"schema":{"@context":"https:\/\/schema.org","@graph":[{"@type":"WebPage","@id":"https:\/\/bergoase-hohenegg.com\/","url":"https:\/\/bergoase-hohenegg.com\/","name":"Home - Bergoase Hohenegg","isPartOf":{"@id":"https:\/\/bergoase-hohenegg.com\/#website"},"primaryImageOfPage":{"@id":"https:\/\/bergoase-hohenegg.com\/#primaryimage"},"image":{"@id":"https:\/\/bergoase-hohenegg.com\/#primaryimage"},"thumbnailUrl":"https:\/\/bergoase-hohenegg.com\/wp-content\/uploads\/2021\/07\/Logo_Bergoase_Hohenegg-250x250.png","datePublished":"2021-02-05T03:37:37+00:00","dateModified":"2025-11-26T22:55:37+00:00","description":"\u25b6\ufe0f Willkommen bei der Bergoase Hohenegg in Lingenau (A). Genie\u00dfen Sie Ihren Aufenthalt im Herzen des Bregenzerwaldes. Wir freuen uns auf Sie!","breadcrumb":{"@id":"https:\/\/bergoase-hohenegg.com\/#breadcrumb"},"inLanguage":"de-AT","potentialAction":[{"@type":"ReadAction","target":["https:\/\/bergoase-hohenegg.com\/"]}]},{"@type":"ImageObject","inLanguage":"de-AT","@id":"https:\/\/bergoase-hohenegg.com\/#primaryimage","url":"https:\/\/bergoase-hohenegg.com\/wp-content\/uploads\/2021\/07\/Logo_Bergoase_Hohenegg.png","contentUrl":"https:\/\/bergoase-hohenegg.com\/wp-content\/uploads\/2021\/07\/Logo_Bergoase_Hohenegg.png","width":1000,"height":1000,"caption":"Bergoase_Hohenegg_Logo"},{"@type":"BreadcrumbList","@id":"https:\/\/bergoase-hohenegg.com\/#breadcrumb","itemListElement":[{"@type":"ListItem","position":1,"name":"Home","item":"https:\/\/bergoase-hohenegg.com\/"},{"@type":"ListItem","position":2,"name":"Home"}]},{"@type":"WebSite","@id":"https:\/\/bergoase-hohenegg.com\/#website","url":"https:\/\/bergoase-hohenegg.com\/","name":"Bergoase Hohenegg","description":"Bergoase","potentialAction":[{"@type":"SearchAction","target":{"@type":"EntryPoint","urlTemplate":"https:\/\/bergoase-hohenegg.com\/?s={search_term_string}"},"query-input":{"@type":"PropertyValueSpecification","valueRequired":true,"valueName":"search_term_string"}}],"inLanguage":"de-AT"}]}},"_links":{"self":[{"href":"https:\/\/bergoase-hohenegg.com\/index.php?rest_route=\/wp\/v2\/pages\/15","targetHints":{"allow":["GET"]}}],"collection":[{"href":"https:\/\/bergoase-hohenegg.com\/index.php?rest_route=\/wp\/v2\/pages"}],"about":[{"href":"https:\/\/bergoase-hohenegg.com\/index.php?rest_route=\/wp\/v2\/types\/page"}],"author":[{"embeddable":true,"href":"https:\/\/bergoase-hohenegg.com\/index.php?rest_route=\/wp\/v2\/users\/1"}],"replies":[{"embeddable":true,"href":"https:\/\/bergoase-hohenegg.com\/index.php?rest_route=%2Fwp%2Fv2%2Fcomments&post=15"}],"version-history":[{"count":114,"href":"https:\/\/bergoase-hohenegg.com\/index.php?rest_route=\/wp\/v2\/pages\/15\/revisions"}],"predecessor-version":[{"id":591,"href":"https:\/\/bergoase-hohenegg.com\/index.php?rest_route=\/wp\/v2\/pages\/15\/revisions\/591"}],"wp:attachment":[{"href":"https:\/\/bergoase-hohenegg.com\/index.php?rest_route=%2Fwp%2Fv2%2Fmedia&parent=15"}],"curies":[{"name":"wp","href":"https:\/\/api.w.org\/{rel}","templated":true}]}}